{"id":37,"date":"2026-04-29T12:13:23","date_gmt":"2026-04-29T12:13:23","guid":{"rendered":"https:\/\/carpet-art.com\/200\/home\/"},"modified":"2026-04-29T12:13:23","modified_gmt":"2026-04-29T12:13:23","slug":"home","status":"publish","type":"page","link":"https:\/\/carpet-art.com\/200\/","title":{"rendered":"Home"},"content":{"rendered":"\n\n\n<h1>Artisanat de tapis haut de gamme en Tunisie<\/h1>\n<p style=\"text-align:center;color:#000\">D\u00e9couvrez notre collection unique de tapis personnalis\u00e9s, alliant tradition et modernit\u00e9 pour r\u00e9pondre \u00e0 vos besoins sp\u00e9cifiques.\n<\/p>\n\n\n\n\n\n\n\n\n\n\n<h2>Derni\u00e8res Nouvelles<\/h2>\n\n<p style=\"text-align:center;color:#5d5d5d\">Restez \u00e0 jour avec les nouvelles tendances et nos derni\u00e8res cr\u00e9ations de tapis.<\/p>\n\n<h3>Caract\u00e9ristiques<\/h3>\n\n\n\n<p style=\"text-align:center;color:#5d5d5d\">Nos tapis se distinguent par leur qualit\u00e9, leur durabilit\u00e9 et leur esth\u00e9tique, chacun \u00e9tant le r\u00e9sultat d&rsquo;un savoir-faire traditionnel.<\/p>\n\n\n\n\n\n\n\n\n\n\n\n\n\n\n\n\n\n<h3>Artisanat Traditionnel<\/h3>\n\n\n\n\n<p style=\"text-align:center;color:#5d5d5d\">Des tapis tiss\u00e9s \u00e0 la main par des artisans locaux, refl\u00e9tant des si\u00e8cles de tradition.<\/p>\n\n\n\n\n\n\n\n\n\n\n\n\n\n\n\n\n\n<h3>Mat\u00e9riaux de Qualit\u00e9<\/h3>\n\n\n\n<p style=\"text-align:center;color:#5d5d5d\">Seules les meilleures mati\u00e8res premi\u00e8res sont utilis\u00e9es pour garantir des tapis \u00e0 la fois beaux et durables.<\/p>\n\n\n\n\n\n\n\n\n\n\n\n\n\n\n\n\n\n<h3>Design Personnalis\u00e9 <\/h3>\n\n\n\n<p style=\"text-align:center;color:#5d5d5d\">Chaque cr\u00e9ation est unique, confectionn\u00e9e selon vos souhaits en termes de couleurs, motifs et dimensions.<\/p>\n\n\n\n\n\n\n\n\n\n\n\n\n\n\n\n\n\n\n\n\n\n<h2>\u00c0 Propos de Nous<\/h2>\n\n<p style=\"text-align:center;color:#5d5d5d\">D\u00e9couvrez notre histoire et notre engagement envers la qualit\u00e9 et le design.\n\n<\/p>\n\n\n\n<p style=\"text-align: left;line-height: 2;color:#5d5d5d\">Tunisian Carpet Art est une entreprise d\u00e9di\u00e9e \u00e0 la cr\u00e9ation de tapis artisanaux uniques qui allient tradition et innovation. Notre mission est de pr\u00e9server l\u2019art ancestral du tissage tout en proposant des cr\u00e9ations contemporaines.<\/p>\n\n\n\n\n\n\n<h2>Plan de Base<\/h2>\n\n\n\n","protected":false},"excerpt":{"rendered":"","protected":false},"author":1,"featured_media":0,"parent":0,"menu_order":0,"comment_status":"closed","ping_status":"closed","template":"","meta":{"pagelayer_contact_templates":[],"_pagelayer_content":"","footnotes":""},"class_list":["post-37","page","type-page","status-publish","hentry"],"_links":{"self":[{"href":"https:\/\/carpet-art.com\/200\/wp-json\/wp\/v2\/pages\/37","targetHints":{"allow":["GET"]}}],"collection":[{"href":"https:\/\/carpet-art.com\/200\/wp-json\/wp\/v2\/pages"}],"about":[{"href":"https:\/\/carpet-art.com\/200\/wp-json\/wp\/v2\/types\/page"}],"author":[{"embeddable":true,"href":"https:\/\/carpet-art.com\/200\/wp-json\/wp\/v2\/users\/1"}],"replies":[{"embeddable":true,"href":"https:\/\/carpet-art.com\/200\/wp-json\/wp\/v2\/comments?post=37"}],"version-history":[{"count":0,"href":"https:\/\/carpet-art.com\/200\/wp-json\/wp\/v2\/pages\/37\/revisions"}],"wp:attachment":[{"href":"https:\/\/carpet-art.com\/200\/wp-json\/wp\/v2\/media?parent=37"}],"curies":[{"name":"wp","href":"https:\/\/api.w.org\/{rel}","templated":true}]}}